{"id":185,"date":"2024-08-28T16:37:24","date_gmt":"2024-08-28T13:37:24","guid":{"rendered":"https:\/\/shapeyouridentity.com\/?post_type=product&#038;p=185"},"modified":"2026-03-02T19:53:44","modified_gmt":"2026-03-02T17:53:44","slug":"silver-general-charm","status":"publish","type":"product","link":"https:\/\/shapeyouridentity.com\/bg\/silver-general-charm\/","title":{"rendered":"\u0420\u043e\u043a\u043b\u044f \u043e\u0442 \u043c\u0430\u043a\u0440\u0430\u043c\u0435 \u0441\u044a\u0441 \u0441\u0440\u0435\u0431\u044a\u0440\u0435\u043d \u0433\u0435\u043d\u0435\u0440\u0430\u043b\u0441\u043a\u0438 \u0447\u0430\u0440"},"content":{"rendered":"<p><strong>Create your identity with our unique and stylish macram\u00e9 dresses that will help you express yourself at any event.<\/strong><\/p>\n<p>Introducing \u201c\ud835\udd4a\ud835\udd5a\ud835\udd5d\ud835\udd67\ud835\udd56\ud835\udd63 \ud835\udd3e\ud835\udd56\ud835\udd5f\ud835\udd56\ud835\udd63\ud835\udd52\ud835\udd5d \u2102\ud835\udd59\ud835\udd52\ud835\udd63\ud835\udd5e\u201d \u2013 a stunning silver macram\u00e9 dress that will make you stand out at any occasion. This unique dress features a loose, flowing silhouette that fits perfectly on your body, while the half sleeves are made of free-falling strands, adding a touch of elegance to your overall look.<\/p>\n<p>The dress is adorned with silver beads that accentuate the neckline, d\u00e9collet\u00e9, and waist, creating a stunning contrast of textures with the silver macram\u00e9 base. These beads add a subtle luxury and sparkle to the outfit, making it an ideal choice for special occasions and evening events.<\/p>\n<p>\u201c\ud835\udd4a\ud835\udd5a\ud835\udd5d\ud835\udd67\ud835\udd56\ud835\udd63 \ud835\udd3e\ud835\udd56\ud835\udd5f\ud835\udd56\ud835\udd63\ud835\udd52\ud835\udd5d \u2102\ud835\udd59\ud835\udd52\ud835\udd63\ud835\udd5e\u201d is designed to make women feel like gentle generals \u2013 strong, elegant, and confident.<\/p>\n<p>Order the \u201c\ud835\udd4a\ud835\udd5a\ud835\udd5d\ud835\udd67\ud835\udd56\ud835\udd63 \ud835\udd3e\ud835\udd56\ud835\udd5f\ud835\udd56\ud835\udd63\ud835\udd52\ud835\udd5d \u2102\ud835\udd59\ud835\udd52\ud835\udd63\ud835\udd5e\u201d now and let the sun shine on you as you enjoy the comfort and style of this stunning silver macram\u00e9 dress, knowing that you\u2019re wearing an outfit that will make you stand out at any event.<\/p>\n<p><strong>Create your identity with our dresses and let the sun shine on you as you enjoy the comfort and style you deserve.<\/strong><\/p>\n<hr \/>\n<p>\u041f\u043e\u0447\u0438\u0441\u0442\u0432\u0430\u0439\u0442\u0435 \u0441\u0430\u043c\u043e \u0445\u0438\u043c\u0438\u0447\u0435\u0441\u043a\u0438 \u0432 \u043c\u0440\u0435\u0436\u0435\u0441\u0442\u0430 \u0442\u043e\u0440\u0431\u0438\u0447\u043a\u0430 \u0441 \u043c\u0438\u043d\u0438\u043c\u0430\u043b\u043d\u043e \u043c\u0435\u0445\u0430\u043d\u0438\u0447\u043d\u043e \u0432\u044a\u0437\u0434\u0435\u0439\u0441\u0442\u0432\u0438\u0435.<\/p>\n<p><b>Production of your order may take between 1-14 days, and international packages typically arrive within 3-7 days from the shipping date.<\/b><\/p>","protected":false},"excerpt":{"rendered":"<p>Introducing the \u201cSilver General Charm\u201d \u2013 a striking silver macram\u00e9 dress with a flowing silhouette and elegant bead accents, perfect for making a statement at any special occasion. This unique design combines luxury and comfort, ensuring you stand out with confidence and style.<\/p>","protected":false},"featured_media":117,"comment_status":"open","ping_status":"closed","template":"","meta":[],"product_brand":[],"product_cat":[28],"product_tag":[38,35,20,37],"class_list":{"0":"post-185","1":"product","2":"type-product","3":"status-publish","4":"has-post-thumbnail","6":"product_cat-dresses","7":"product_tag-beads","8":"product_tag-dress","9":"product_tag-macrame","10":"product_tag-silver","12":"first","13":"instock","14":"sold-individually","15":"taxable","16":"shipping-taxable","17":"purchasable","18":"product-type-simple"},"_links":{"self":[{"href":"https:\/\/shapeyouridentity.com\/bg\/wp-json\/wp\/v2\/product\/185","targetHints":{"allow":["GET"]}}],"collection":[{"href":"https:\/\/shapeyouridentity.com\/bg\/wp-json\/wp\/v2\/product"}],"about":[{"href":"https:\/\/shapeyouridentity.com\/bg\/wp-json\/wp\/v2\/types\/product"}],"replies":[{"embeddable":true,"href":"https:\/\/shapeyouridentity.com\/bg\/wp-json\/wp\/v2\/comments?post=185"}],"wp:featuredmedia":[{"embeddable":true,"href":"https:\/\/shapeyouridentity.com\/bg\/wp-json\/wp\/v2\/media\/117"}],"wp:attachment":[{"href":"https:\/\/shapeyouridentity.com\/bg\/wp-json\/wp\/v2\/media?parent=185"}],"wp:term":[{"taxonomy":"product_brand","embeddable":true,"href":"https:\/\/shapeyouridentity.com\/bg\/wp-json\/wp\/v2\/product_brand?post=185"},{"taxonomy":"product_cat","embeddable":true,"href":"https:\/\/shapeyouridentity.com\/bg\/wp-json\/wp\/v2\/product_cat?post=185"},{"taxonomy":"product_tag","embeddable":true,"href":"https:\/\/shapeyouridentity.com\/bg\/wp-json\/wp\/v2\/product_tag?post=185"}],"curies":[{"name":"wp","href":"https:\/\/api.w.org\/{rel}","templated":true}]}}